{"id":5023,"date":"2023-06-12T13:51:14","date_gmt":"2023-06-12T13:51:14","guid":{"rendered":"https:\/\/www.volkankilic.com.tr\/beta\/?page_id=5023"},"modified":"2023-08-26T07:35:54","modified_gmt":"2023-08-26T07:35:54","slug":"9mm-124-gr-bakir-kaplama-yuvarlak-burun-mermiler","status":"publish","type":"page","link":"https:\/\/alfasavunma.com\/?page_id=5023","title":{"rendered":"9mm 124 Gr. Bak\u0131r Kaplama Yuvarlak Burun Mermiler"},"content":{"rendered":"<section class=\"wpb-content-wrapper\"><p>[vc_row full_width=&#8221;stretch_row&#8221; css=&#8221;.vc_custom_1686169451470{margin-bottom: -60px !important;background-image: url(https:\/\/www.volkankilic.com.tr\/beta\/wp-content\/uploads\/2023\/06\/parent1.png?id=4891) !important;}&#8221;][vc_column width=&#8221;1\/2&#8243;][vc_column_text css_animation=&#8221;bounceInLeft&#8221; css=&#8221;.vc_custom_1686251151840{margin-top: -50px !important;}&#8221;]<img loading=\"lazy\" decoding=\"async\" class=\"size-full wp-image-4859 aligncenter\" src=\"https:\/\/www.volkankilic.com.tr\/beta\/wp-content\/uploads\/2023\/06\/cekirdek-1.png\" alt=\"\" width=\"618\" height=\"688\" srcset=\"https:\/\/alfasavunma.com\/wp-content\/uploads\/2023\/06\/cekirdek-1.png 618w, https:\/\/alfasavunma.com\/wp-content\/uploads\/2023\/06\/cekirdek-1-269x300.png 269w\" sizes=\"auto, (max-width: 618px) 100vw, 618px\" \/>[\/vc_column_text][\/vc_column][vc_column width=&#8221;1\/2&#8243;][vc_custom_heading text=&#8221;9mm 124 Gr. Bak\u0131r Kaplama Yuvarlak Burun&#8221; font_container=&#8221;tag:h5|text_align:left&#8221; google_fonts=&#8221;font_family:Titillium%20Web%3A200%2C200italic%2C300%2C300italic%2Cregular%2Citalic%2C600%2C600italic%2C700%2C700italic%2C900|font_style:700%20bold%20regular%3A700%3Anormal&#8221;][vc_separator color=&#8221;custom&#8221; accent_color=&#8221;#515151&#8243; css=&#8221;.vc_custom_1686169210183{margin-top: -10px !important;}&#8221;][vc_column_text css=&#8221;.vc_custom_1693035353951{margin-top: -20px !important;}&#8221;]<\/p>\n<ul>\n<li><span style=\"vertical-align: inherit;\"><span style=\"vertical-align: inherit;\">\u00dcr\u00fcn 9mm \u00e7ap\u0131ndad\u0131r<\/span><\/span><\/li>\n<li><span style=\"vertical-align: inherit;\"><span style=\"vertical-align: inherit;\">\u00dcr\u00fcn Bak\u0131r Kaplamad\u0131r<\/span><\/span><\/li>\n<li><span style=\"vertical-align: inherit;\"><span style=\"vertical-align: inherit;\">\u00dcr\u00fcn 124 Gr.\u00a0 A\u011f\u0131rl\u0131\u011f\u0131ndad\u0131r<\/span><\/span><\/li>\n<li>500 ve 1000&#8217;li Kutuda Sat\u0131lmaktad\u0131r.<\/li>\n<\/ul>\n<p>[\/vc_column_text][vc_empty_space height=&#8221;10px&#8221;][vc_row_inner][vc_column_inner][vc_progress_bar values=&#8221;%5B%7B%22label%22%3A%22At%C4%B1%C5%9F%20%22%2C%22value%22%3A%2290%22%7D%2C%7B%22label%22%3A%22Performans%22%2C%22value%22%3A%2287%22%7D%5D&#8221; bgcolor=&#8221;custom&#8221; options=&#8221;striped&#8221; css_animation=&#8221;fadeInRight&#8221; units=&#8221;%&#8221; custombgcolor=&#8221;#d8d8d8&#8243; customtxtcolor=&#8221;#424242&#8243;][\/vc_column_inner][\/vc_row_inner][vc_row_inner][vc_column_inner width=&#8221;1\/2&#8243;]<div class=\"btn-wrap\"><a href=\"https:\/\/alfaammunition.com\/index.php\/product\/9mm-115-gr-copper-plated-round-nose-bullets\/\"  target=\"_blank\"   class=\"btn  btn-second transform-default color-hover-default\" id=\"like_sc_button_667494492\">Online Sipari\u015f<span class=\"fa fa-arrow-right\"><\/span><\/a><\/div>[\/vc_column_inner][vc_column_inner width=&#8221;1\/2&#8243;]<div class=\"btn-wrap\"><a href=\"http:\/\/alfaammunition.com\/wp-content\/uploads\/2021\/12\/alfa-2022-english.pdf\"  target=\"_blank\"   class=\"btn  btn-second transform-default color-hover-default\" id=\"like_sc_button_427384578\">Katalog \u0130ndir<span class=\"fa fa-arrow-right\"><\/span><\/a><\/div>[\/vc_column_inner][\/vc_row_inner][\/vc_column][\/vc_row]<\/p>\n<\/section>","protected":false},"excerpt":{"rendered":"<p>[vc_row full_width=&#8221;stretch_row&#8221; css=&#8221;.vc_custom_1686169451470{margin-bottom: -60px !important;background-image: url(https:\/\/www.volkankilic.com.tr\/beta\/wp-content\/uploads\/2023\/06\/parent1.png?id=4891) !important;}&#8221;][vc_column width=&#8221;1\/2&#8243;][vc_column_text css_animation=&#8221;bounceInLeft&#8221; css=&#8221;.vc_custom_1686251151840{margin-top: -50px !important;}&#8221;][\/vc_column_text][\/vc_column][vc_column width=&#8221;1\/2&#8243;][vc_custom_heading text=&#8221;9mm 124 Gr. Bak\u0131r Kaplama Yuvarlak Burun&#8221; font_container=&#8221;tag:h5|text_align:left&#8221; google_fonts=&#8221;font_family:Titillium%20Web%3A200%2C200italic%2C300%2C300italic%2Cregular%2Citalic%2C600%2C600italic%2C700%2C700italic%2C900|font_style:700%20bold%20regular%3A700%3Anormal&#8221;][vc_separator color=&#8221;custom&#8221; accent_color=&#8221;#515151&#8243; css=&#8221;.vc_custom_1686169210183{margin-top: -10px !important;}&#8221;][vc_column_text css=&#8221;.vc_custom_1693035353951{margin-top: -20px !important;}&#8221;] \u00dcr\u00fcn 9mm \u00e7ap\u0131ndad\u0131r \u00dcr\u00fcn Bak\u0131r Kaplamad\u0131r \u00dcr\u00fcn 124 Gr.\u00a0 A\u011f\u0131rl\u0131\u011f\u0131ndad\u0131r 500 ve 1000&#8217;li Kutuda Sat\u0131lmaktad\u0131r. [\/vc_column_text][vc_empty_space height=&#8221;10px&#8221;][vc_row_inner][vc_column_inner][vc_progress_bar values=&#8221;%5B%7B%22label%22%3A%22At%C4%B1%C5%9F%20%22%2C%22value%22%3A%2290%22%7D%2C%7B%22label%22%3A%22Performans%22%2C%22value%22%3A%2287%22%7D%5D&#8221; bgcolor=&#8221;custom&#8221; options=&#8221;striped&#8221; css_animation=&#8221;fadeInRight&#8221; units=&#8221;%&#8221; custombgcolor=&#8221;#d8d8d8&#8243; customtxtcolor=&#8221;#424242&#8243;][\/vc_column_inner][\/vc_row_inner][vc_row_inner][vc_column_inner width=&#8221;1\/2&#8243;][\/vc_column_inner][vc_column_inner [&hellip;]<\/p>\n","protected":false},"author":1,"featured_media":0,"parent":0,"menu_order":0,"comment_status":"closed","ping_status":"closed","template":"","meta":{"footnotes":""},"class_list":["post-5023","page","type-page","status-publish","hentry"],"_links":{"self":[{"href":"https:\/\/alfasavunma.com\/index.php?rest_route=\/wp\/v2\/pages\/5023","targetHints":{"allow":["GET"]}}],"collection":[{"href":"https:\/\/alfasavunma.com\/index.php?rest_route=\/wp\/v2\/pages"}],"about":[{"href":"https:\/\/alfasavunma.com\/index.php?rest_route=\/wp\/v2\/types\/page"}],"author":[{"embeddable":true,"href":"https:\/\/alfasavunma.com\/index.php?rest_route=\/wp\/v2\/users\/1"}],"replies":[{"embeddable":true,"href":"https:\/\/alfasavunma.com\/index.php?rest_route=%2Fwp%2Fv2%2Fcomments&post=5023"}],"version-history":[{"count":3,"href":"https:\/\/alfasavunma.com\/index.php?rest_route=\/wp\/v2\/pages\/5023\/revisions"}],"predecessor-version":[{"id":5300,"href":"https:\/\/alfasavunma.com\/index.php?rest_route=\/wp\/v2\/pages\/5023\/revisions\/5300"}],"wp:attachment":[{"href":"https:\/\/alfasavunma.com\/index.php?rest_route=%2Fwp%2Fv2%2Fmedia&parent=5023"}],"curies":[{"name":"wp","href":"https:\/\/api.w.org\/{rel}","templated":true}]}}