{"id":5009,"date":"2023-06-12T13:32:59","date_gmt":"2023-06-12T13:32:59","guid":{"rendered":"https:\/\/www.volkankilic.com.tr\/beta\/?page_id=5009"},"modified":"2023-08-25T08:29:02","modified_gmt":"2023-08-25T08:29:02","slug":"kariyer","status":"publish","type":"page","link":"https:\/\/alfasavunma.com\/?page_id=5009","title":{"rendered":"Kariyer"},"content":{"rendered":"<section class=\"wpb-content-wrapper\"><p>[vc_row][vc_column width=&#8221;1\/2&#8243;][vc_column_text]<img loading=\"lazy\" decoding=\"async\" class=\"alignnone size-large wp-image-4000\" src=\"https:\/\/www.volkankilic.com.tr\/beta\/wp-content\/uploads\/2018\/03\/blog_11-1024x684.jpg\" alt=\"\" width=\"1024\" height=\"684\" srcset=\"https:\/\/alfasavunma.com\/wp-content\/uploads\/2018\/03\/blog_11-1024x684.jpg 1024w, https:\/\/alfasavunma.com\/wp-content\/uploads\/2018\/03\/blog_11-300x200.jpg 300w, https:\/\/alfasavunma.com\/wp-content\/uploads\/2018\/03\/blog_11-768x513.jpg 768w, https:\/\/alfasavunma.com\/wp-content\/uploads\/2018\/03\/blog_11.jpg 1400w\" sizes=\"auto, (max-width: 1024px) 100vw, 1024px\" \/>[\/vc_column_text][\/vc_column][vc_column width=&#8221;1\/2&#8243;][vc_column_text]<strong>Ekibimize kat\u0131l\u0131n, \u015firketimizin bir par\u00e7as\u0131 olun<\/strong><br \/>\n<strong>Sahada geli\u015fen teknolojilere ayak uydurmaya ve tesislerimizi ve ekibimizi s\u00fcrekli geni\u015fletmeye kararl\u0131y\u0131z.<\/strong><\/p>\n<p><strong>Profesyonel heyecan\u0131m\u0131z\u0131 payla\u015fmak ve b\u00fcy\u00fcyen ailemizin bir par\u00e7as\u0131 olmak isteyen \u00e7al\u0131\u015fanlar ar\u0131yoruz<\/strong><\/p>\n<p><strong>CV niz i\u00e7in : info@alfasavunma.com<\/strong>[\/vc_column_text][\/vc_column][\/vc_row]<\/p>\n<\/section>","protected":false},"excerpt":{"rendered":"<p>[vc_row][vc_column width=&#8221;1\/2&#8243;][vc_column_text][\/vc_column_text][\/vc_column][vc_column width=&#8221;1\/2&#8243;][vc_column_text]Ekibimize kat\u0131l\u0131n, \u015firketimizin bir par\u00e7as\u0131 olun Sahada geli\u015fen teknolojilere ayak uydurmaya ve tesislerimizi ve ekibimizi s\u00fcrekli geni\u015fletmeye kararl\u0131y\u0131z. Profesyonel heyecan\u0131m\u0131z\u0131 payla\u015fmak ve b\u00fcy\u00fcyen ailemizin bir par\u00e7as\u0131 olmak isteyen \u00e7al\u0131\u015fanlar ar\u0131yoruz CV niz i\u00e7in : info@alfasavunma.com[\/vc_column_text][\/vc_column][\/vc_row]<\/p>\n","protected":false},"author":1,"featured_media":0,"parent":0,"menu_order":0,"comment_status":"closed","ping_status":"closed","template":"","meta":{"footnotes":""},"class_list":["post-5009","page","type-page","status-publish","hentry"],"_links":{"self":[{"href":"https:\/\/alfasavunma.com\/index.php?rest_route=\/wp\/v2\/pages\/5009","targetHints":{"allow":["GET"]}}],"collection":[{"href":"https:\/\/alfasavunma.com\/index.php?rest_route=\/wp\/v2\/pages"}],"about":[{"href":"https:\/\/alfasavunma.com\/index.php?rest_route=\/wp\/v2\/types\/page"}],"author":[{"embeddable":true,"href":"https:\/\/alfasavunma.com\/index.php?rest_route=\/wp\/v2\/users\/1"}],"replies":[{"embeddable":true,"href":"https:\/\/alfasavunma.com\/index.php?rest_route=%2Fwp%2Fv2%2Fcomments&post=5009"}],"version-history":[{"count":31,"href":"https:\/\/alfasavunma.com\/index.php?rest_route=\/wp\/v2\/pages\/5009\/revisions"}],"predecessor-version":[{"id":5290,"href":"https:\/\/alfasavunma.com\/index.php?rest_route=\/wp\/v2\/pages\/5009\/revisions\/5290"}],"wp:attachment":[{"href":"https:\/\/alfasavunma.com\/index.php?rest_route=%2Fwp%2Fv2%2Fmedia&parent=5009"}],"curies":[{"name":"wp","href":"https:\/\/api.w.org\/{rel}","templated":true}]}}