{"id":4812,"date":"2023-06-07T14:16:54","date_gmt":"2023-06-07T14:16:54","guid":{"rendered":"https:\/\/www.volkankilic.com.tr\/beta\/?page_id=4812"},"modified":"2023-07-16T21:29:50","modified_gmt":"2023-07-16T21:29:50","slug":"urunlerimiz","status":"publish","type":"page","link":"https:\/\/alfasavunma.com\/?page_id=4812","title":{"rendered":"\u00dcr\u00fcnlerimiz"},"content":{"rendered":"<section class=\"wpb-content-wrapper\"><p>[vc_row css_animation=&#8221;fadeInUp&#8221;][vc_column width=&#8221;1\/4&#8243;][vc_single_image image=&#8221;4502&#8243; img_size=&#8221;400&#215;350&#8243; onclick=&#8221;custom_link&#8221; link=&#8221;?page_id=4857&#8243;][vc_custom_heading text=&#8221;9mm 115 Gr. Bak\u0131r Kaplama Yuvarlak Burun Mermiler&#8221; font_container=&#8221;tag:p|text_align:center|line_height:1.2em&#8221; google_fonts=&#8221;font_family:Titillium%20Web%3A200%2C200italic%2C300%2C300italic%2Cregular%2Citalic%2C600%2C600italic%2C700%2C700italic%2C900|font_style:600%20bold%20italic%3A600%3Aitalic&#8221; css=&#8221;.vc_custom_1689452854565{margin-top: -30px !important;}&#8221; link=&#8221;url:https%3A%2F%2Falfasavunma.com%2F%3Fpage_id%3D4857|title:9mm%20115%20Gr.%20Bak%C4%B1r%20Kaplama%20Yuvarlak%20Burun&#8221;][\/vc_column][vc_column width=&#8221;1\/4&#8243;][vc_single_image image=&#8221;4528&#8243; img_size=&#8221;400&#215;350&#8243; onclick=&#8221;custom_link&#8221; link=&#8221;\/?page_id=5012&#8243;][vc_custom_heading text=&#8221;9mm 115 Gr. Tam Metal Yuvarlak Burunlu Mermiler&#8221; font_container=&#8221;tag:p|text_align:center|line_height:1.2em&#8221; google_fonts=&#8221;font_family:Titillium%20Web%3A200%2C200italic%2C300%2C300italic%2Cregular%2Citalic%2C600%2C600italic%2C700%2C700italic%2C900|font_style:600%20bold%20italic%3A600%3Aitalic&#8221; css=&#8221;.vc_custom_1689541977926{margin-top: -30px !important;}&#8221; link=&#8221;url:https%3A%2F%2Falfasavunma.com%2F%3Fpage_id%3D5012|title:9mm%20115%20Gr.%20Tam%20Metal%20Ceketli%20Yuvarlak%20Burunlu%20Mermiler&#8221;][\/vc_column][vc_column width=&#8221;1\/4&#8243;][vc_single_image image=&#8221;4529&#8243; img_size=&#8221;400&#215;350&#8243; onclick=&#8221;custom_link&#8221; link=&#8221;\/?page_id=5019&#8243;][vc_custom_heading text=&#8221;9mm 115 Gr. Bak\u0131r Kaplama D\u00fcz Ba\u015fl\u0131 Mermiler&#8221; font_container=&#8221;tag:p|text_align:center|line_height:1.2em&#8221; google_fonts=&#8221;font_family:Titillium%20Web%3A200%2C200italic%2C300%2C300italic%2Cregular%2Citalic%2C600%2C600italic%2C700%2C700italic%2C900|font_style:600%20bold%20italic%3A600%3Aitalic&#8221; css=&#8221;.vc_custom_1689542054999{margin-top: -30px !important;}&#8221; link=&#8221;url:https%3A%2F%2Falfasavunma.com%2F%3Fpage_id%3D5019|title:9mm%20115%20Gr.%20Bak%C4%B1r%20Kaplamal%C4%B1%20D%C3%BCz%20Ba%C5%9Fl%C4%B1%20Mermiler&#8221;][\/vc_column][vc_column width=&#8221;1\/4&#8243;][vc_single_image image=&#8221;4816&#8243; img_size=&#8221;400&#215;350&#8243; onclick=&#8221;custom_link&#8221; link=&#8221;\/?page_id=5023&#8243;][vc_custom_heading text=&#8221;9mm 124 Gr. Bak\u0131r Kaplama Yuvarlak Burun Mermiler&#8221; font_container=&#8221;tag:p|text_align:center|line_height:1.2em&#8221; google_fonts=&#8221;font_family:Titillium%20Web%3A200%2C200italic%2C300%2C300italic%2Cregular%2Citalic%2C600%2C600italic%2C700%2C700italic%2C900|font_style:600%20bold%20italic%3A600%3Aitalic&#8221; css=&#8221;.vc_custom_1689542114543{margin-top: -30px !important;}&#8221; link=&#8221;url:https%3A%2F%2Falfasavunma.com%2F%3Fpage_id%3D5023|title:9mm%20124%20Gr.%20Bak%C4%B1r%20Kaplama%20D%C3%BCz%20Ba%C5%9Fl%C4%B1%20Mermiler&#8221;][vc_empty_space height=&#8221;20px&#8221;][\/vc_column][\/vc_row][vc_row css_animation=&#8221;fadeInUp&#8221;][vc_column width=&#8221;1\/4&#8243;][vc_single_image image=&#8221;4528&#8243; img_size=&#8221;400&#215;350&#8243; onclick=&#8221;custom_link&#8221; link=&#8221;\/?page_id=5026&#8243;][vc_custom_heading text=&#8221;9mm 124 Gr. Tam Metal Yuvarlak Burunlu Mermiler&#8221; font_container=&#8221;tag:p|text_align:center|line_height:1.2em&#8221; google_fonts=&#8221;font_family:Titillium%20Web%3A200%2C200italic%2C300%2C300italic%2Cregular%2Citalic%2C600%2C600italic%2C700%2C700italic%2C900|font_style:600%20bold%20italic%3A600%3Aitalic&#8221; css=&#8221;.vc_custom_1689542211232{margin-top: -30px !important;}&#8221; link=&#8221;url:https%3A%2F%2Falfasavunma.com%2F%3Fpage_id%3D5026|title:9mm%20124%20Gr.%20Tam%20Metal%20Yuvarlak%20Burunlu%20Mermiler&#8221;][\/vc_column][vc_column width=&#8221;1\/4&#8243;][vc_single_image image=&#8221;4529&#8243; img_size=&#8221;400&#215;350&#8243; onclick=&#8221;custom_link&#8221; link=&#8221;\/?page_id=5030&#8243;][vc_custom_heading text=&#8221;9mm 124 Gr. Bak\u0131r Kaplama D\u00fcz Ba\u015fl\u0131 Mermiler&#8221; font_container=&#8221;tag:p|text_align:center|line_height:1.2em&#8221; google_fonts=&#8221;font_family:Titillium%20Web%3A200%2C200italic%2C300%2C300italic%2Cregular%2Citalic%2C600%2C600italic%2C700%2C700italic%2C900|font_style:600%20bold%20italic%3A600%3Aitalic&#8221; css=&#8221;.vc_custom_1689542262611{margin-top: -30px !important;}&#8221; link=&#8221;url:https%3A%2F%2Falfasavunma.com%2F%3Fpage_id%3D5030|title:9mm%20124%20Gr.%20Bak%C4%B1r%20Kaplama%20D%C3%BCz%20Ba%C5%9Fl%C4%B1%20Mermiler&#8221;][\/vc_column][vc_column width=&#8221;1\/4&#8243;][vc_single_image image=&#8221;4617&#8243; img_size=&#8221;400&#215;350&#8243; onclick=&#8221;custom_link&#8221; link=&#8221;\/?page_id=5034&#8243;][vc_custom_heading text=&#8221;9 mm Kur\u015fun \u00c7ekirdek&#8221; font_container=&#8221;tag:p|text_align:center|line_height:1.2em&#8221; google_fonts=&#8221;font_family:Titillium%20Web%3A200%2C200italic%2C300%2C300italic%2Cregular%2Citalic%2C600%2C600italic%2C700%2C700italic%2C900|font_style:600%20bold%20italic%3A600%3Aitalic&#8221; css=&#8221;.vc_custom_1689542305868{margin-top: -30px !important;}&#8221; link=&#8221;url:https%3A%2F%2Falfasavunma.com%2F%3Fpage_id%3D5034|title:9%20mm%20Kur%C5%9Fun%20%C3%87ekirdek&#8221;][\/vc_column][vc_column width=&#8221;1\/4&#8243;][vc_single_image image=&#8221;4823&#8243; img_size=&#8221;400&#215;350&#8243; onclick=&#8221;custom_link&#8221; link=&#8221;\/?page_id=5038&#8243;][vc_custom_heading text=&#8221;FMJ i\u00e7in 9mm Kur\u015fun \u00c7ekirdek&#8221; font_container=&#8221;tag:p|text_align:center|line_height:1.2em&#8221; google_fonts=&#8221;font_family:Titillium%20Web%3A200%2C200italic%2C300%2C300italic%2Cregular%2Citalic%2C600%2C600italic%2C700%2C700italic%2C900|font_style:600%20bold%20italic%3A600%3Aitalic&#8221; css=&#8221;.vc_custom_1689542346366{margin-top: -30px !important;}&#8221; link=&#8221;url:https%3A%2F%2Falfasavunma.com%2F%3Fpage_id%3D5038|title:FMJ%20i%C3%A7in%209mm%20Kur%C5%9Fun%20%C3%87ekirdek&#8221;][vc_empty_space height=&#8221;20px&#8221;][\/vc_column][\/vc_row][vc_row css_animation=&#8221;fadeInUp&#8221;][vc_column width=&#8221;1\/4&#8243;][vc_single_image image=&#8221;4825&#8243; img_size=&#8221;400&#215;350&#8243; onclick=&#8221;custom_link&#8221; link=&#8221;\/?page_id=5043&#8243;][vc_custom_heading text=&#8221;12 Cal Global Slug&#8221; font_container=&#8221;tag:p|text_align:center|line_height:1.2em&#8221; google_fonts=&#8221;font_family:Titillium%20Web%3A200%2C200italic%2C300%2C300italic%2Cregular%2Citalic%2C600%2C600italic%2C700%2C700italic%2C900|font_style:600%20bold%20italic%3A600%3Aitalic&#8221; css=&#8221;.vc_custom_1689542380139{margin-top: -30px !important;}&#8221; link=&#8221;url:https%3A%2F%2Falfasavunma.com%2F%3Fpage_id%3D5043|title:12%20Cal%20Global%20Slug&#8221;][\/vc_column][vc_column width=&#8221;1\/4&#8243;][vc_single_image image=&#8221;4826&#8243; img_size=&#8221;400&#215;350&#8243; onclick=&#8221;custom_link&#8221; link=&#8221;\/?page_id=5048&#8243;][vc_custom_heading text=&#8221;Kur\u015fun Sa\u00e7ma&#8221; font_container=&#8221;tag:p|text_align:center|line_height:1.2em&#8221; google_fonts=&#8221;font_family:Titillium%20Web%3A200%2C200italic%2C300%2C300italic%2Cregular%2Citalic%2C600%2C600italic%2C700%2C700italic%2C900|font_style:600%20bold%20italic%3A600%3Aitalic&#8221; css=&#8221;.vc_custom_1689542445254{margin-top: -30px !important;}&#8221; link=&#8221;url:https%3A%2F%2Falfasavunma.com%2F%3Fpage_id%3D5048|title:Kur%C5%9Fun%20Sa%C3%A7ma&#8221;][\/vc_column][vc_column width=&#8221;1\/4&#8243;][vc_single_image image=&#8221;4610&#8243; img_size=&#8221;400&#215;350&#8243; onclick=&#8221;custom_link&#8221; link=&#8221;\/?page_id=5054&#8243;][vc_custom_heading text=&#8221;9 mm Bo\u015f Metal Mermi Kovan\u0131&#8221; font_container=&#8221;tag:p|text_align:center|line_height:1.2em&#8221; google_fonts=&#8221;font_family:Titillium%20Web%3A200%2C200italic%2C300%2C300italic%2Cregular%2Citalic%2C600%2C600italic%2C700%2C700italic%2C900|font_style:600%20bold%20italic%3A600%3Aitalic&#8221; css=&#8221;.vc_custom_1689542480934{margin-top: -30px !important;}&#8221; link=&#8221;url:https%3A%2F%2Falfasavunma.com%2F%3Fpage_id%3D5054|title:9%20mm%20Bo%C5%9F%20Mermi%20Kovan%C4%B1&#8243;][\/vc_column][vc_column width=&#8221;1\/4&#8243;][vc_single_image image=&#8221;4828&#8243; img_size=&#8221;400&#215;350&#8243; onclick=&#8221;custom_link&#8221; link=&#8221;\/?page_id=5054&#8243;][vc_custom_heading text=&#8221;9 mm Bo\u015f Mermi Kovan\u0131&#8221; font_container=&#8221;tag:p|text_align:center|line_height:1.2em&#8221; google_fonts=&#8221;font_family:Titillium%20Web%3A200%2C200italic%2C300%2C300italic%2Cregular%2Citalic%2C600%2C600italic%2C700%2C700italic%2C900|font_style:600%20bold%20italic%3A600%3Aitalic&#8221; css=&#8221;.vc_custom_1689542525160{margin-top: -30px !important;}&#8221; link=&#8221;url:https%3A%2F%2Falfasavunma.com%2F%3Fpage_id%3D5054|title:9%20mm%20Bo%C5%9F%20Mermi%20Kovan%C4%B1&#8243;][\/vc_column][\/vc_row][vc_row][vc_column width=&#8221;1\/4&#8243;][\/vc_column][vc_column width=&#8221;1\/4&#8243;][\/vc_column][vc_column width=&#8221;1\/4&#8243;][\/vc_column][vc_column width=&#8221;1\/4&#8243;][\/vc_column][\/vc_row]<\/p>\n<\/section>","protected":false},"excerpt":{"rendered":"<p>[vc_row css_animation=&#8221;fadeInUp&#8221;][vc_column width=&#8221;1\/4&#8243;][vc_single_image image=&#8221;4502&#8243; img_size=&#8221;400&#215;350&#8243; onclick=&#8221;custom_link&#8221; link=&#8221;?page_id=4857&#8243;][vc_custom_heading text=&#8221;9mm 115 Gr. Bak\u0131r Kaplama Yuvarlak Burun Mermiler&#8221; font_container=&#8221;tag:p|text_align:center|line_height:1.2em&#8221; google_fonts=&#8221;font_family:Titillium%20Web%3A200%2C200italic%2C300%2C300italic%2Cregular%2Citalic%2C600%2C600italic%2C700%2C700italic%2C900|font_style:600%20bold%20italic%3A600%3Aitalic&#8221; css=&#8221;.vc_custom_1689452854565{margin-top: -30px !important;}&#8221; link=&#8221;url:https%3A%2F%2Falfasavunma.com%2F%3Fpage_id%3D4857|title:9mm%20115%20Gr.%20Bak%C4%B1r%20Kaplama%20Yuvarlak%20Burun&#8221;][\/vc_column][vc_column width=&#8221;1\/4&#8243;][vc_single_image image=&#8221;4528&#8243; img_size=&#8221;400&#215;350&#8243; onclick=&#8221;custom_link&#8221; link=&#8221;\/?page_id=5012&#8243;][vc_custom_heading text=&#8221;9mm 115 Gr. Tam Metal Yuvarlak Burunlu Mermiler&#8221; font_container=&#8221;tag:p|text_align:center|line_height:1.2em&#8221; google_fonts=&#8221;font_family:Titillium%20Web%3A200%2C200italic%2C300%2C300italic%2Cregular%2Citalic%2C600%2C600italic%2C700%2C700italic%2C900|font_style:600%20bold%20italic%3A600%3Aitalic&#8221; css=&#8221;.vc_custom_1689541977926{margin-top: -30px !important;}&#8221; link=&#8221;url:https%3A%2F%2Falfasavunma.com%2F%3Fpage_id%3D5012|title:9mm%20115%20Gr.%20Tam%20Metal%20Ceketli%20Yuvarlak%20Burunlu%20Mermiler&#8221;][\/vc_column][vc_column width=&#8221;1\/4&#8243;][vc_single_image image=&#8221;4529&#8243; img_size=&#8221;400&#215;350&#8243; onclick=&#8221;custom_link&#8221; link=&#8221;\/?page_id=5019&#8243;][vc_custom_heading text=&#8221;9mm 115 Gr. Bak\u0131r Kaplama D\u00fcz Ba\u015fl\u0131 Mermiler&#8221; font_container=&#8221;tag:p|text_align:center|line_height:1.2em&#8221; google_fonts=&#8221;font_family:Titillium%20Web%3A200%2C200italic%2C300%2C300italic%2Cregular%2Citalic%2C600%2C600italic%2C700%2C700italic%2C900|font_style:600%20bold%20italic%3A600%3Aitalic&#8221; [&hellip;]<\/p>\n","protected":false},"author":1,"featured_media":0,"parent":0,"menu_order":0,"comment_status":"closed","ping_status":"closed","template":"","meta":{"footnotes":""},"class_list":["post-4812","page","type-page","status-publish","hentry"],"_links":{"self":[{"href":"https:\/\/alfasavunma.com\/index.php?rest_route=\/wp\/v2\/pages\/4812","targetHints":{"allow":["GET"]}}],"collection":[{"href":"https:\/\/alfasavunma.com\/index.php?rest_route=\/wp\/v2\/pages"}],"about":[{"href":"https:\/\/alfasavunma.com\/index.php?rest_route=\/wp\/v2\/types\/page"}],"author":[{"embeddable":true,"href":"https:\/\/alfasavunma.com\/index.php?rest_route=\/wp\/v2\/users\/1"}],"replies":[{"embeddable":true,"href":"https:\/\/alfasavunma.com\/index.php?rest_route=%2Fwp%2Fv2%2Fcomments&post=4812"}],"version-history":[{"count":42,"href":"https:\/\/alfasavunma.com\/index.php?rest_route=\/wp\/v2\/pages\/4812\/revisions"}],"predecessor-version":[{"id":5258,"href":"https:\/\/alfasavunma.com\/index.php?rest_route=\/wp\/v2\/pages\/4812\/revisions\/5258"}],"wp:attachment":[{"href":"https:\/\/alfasavunma.com\/index.php?rest_route=%2Fwp%2Fv2%2Fmedia&parent=4812"}],"curies":[{"name":"wp","href":"https:\/\/api.w.org\/{rel}","templated":true}]}}