{"id":4265,"date":"2023-06-04T17:28:04","date_gmt":"2023-06-04T17:28:04","guid":{"rendered":"https:\/\/www.volkankilic.com.tr\/beta\/?page_id=4265"},"modified":"2023-07-14T03:37:21","modified_gmt":"2023-07-14T03:37:21","slug":"hakkimizda","status":"publish","type":"page","link":"https:\/\/alfasavunma.com\/?page_id=4265","title":{"rendered":"Hakk\u0131m\u0131zda"},"content":{"rendered":"<section class=\"wpb-content-wrapper\"><p>[vc_row css_animation=&#8221;fadeInLeft&#8221; css=&#8221;.vc_custom_1686207806834{margin-top: -40px !important;background-position: 0 0 !important;background-repeat: no-repeat !important;}&#8221;][vc_column width=&#8221;1\/2&#8243;][vc_column_text]<img loading=\"lazy\" decoding=\"async\" class=\"alignnone wp-image-4451\" src=\"https:\/\/www.volkankilic.com.tr\/beta\/wp-content\/uploads\/2023\/06\/slider02-300x188.jpg\" alt=\"\" width=\"466\" height=\"292\" srcset=\"https:\/\/alfasavunma.com\/wp-content\/uploads\/2023\/06\/slider02-300x188.jpg 300w, https:\/\/alfasavunma.com\/wp-content\/uploads\/2023\/06\/slider02-768x480.jpg 768w, https:\/\/alfasavunma.com\/wp-content\/uploads\/2023\/06\/slider02-1024x640.jpg 1024w, https:\/\/alfasavunma.com\/wp-content\/uploads\/2023\/06\/slider02.jpg 1920w\" sizes=\"auto, (max-width: 466px) 100vw, 466px\" \/>[\/vc_column_text][\/vc_column][vc_column width=&#8221;1\/2&#8243;][vc_column_text]<\/p>\n<p style=\"text-align: justify;\">Alfa Savunma Sanayi 2014 y\u0131l\u0131nda kurulmu\u015ftur. Kuruldu\u011fu g\u00fcnden bu yana m\u00fchendislik disiplinlerindeki y\u00fcksek tecr\u00fcbesini kullanarak ulusal ve uluslararas\u0131 m\u00fchendislik projelerini ba\u015far\u0131yla tamamlam\u0131\u015ft\u0131r.<\/p>\n<p style=\"text-align: justify;\">Amac\u0131m\u0131z k\u0131sa s\u00fcrede ve optimize edilmi\u015f maliyetlerle y\u00fcksek kaliteli \u00fcretim sa\u011flamakt\u0131r. Firmam\u0131z kuruldu\u011fu g\u00fcnden bu yana profesyonelli\u011fi ve tecr\u00fcbesi ile hizmetlerine devam etmektedir. T\u00fcm projelerde disiplin i\u00e7inde \u00e7al\u0131\u015fan Alfa savunma ekibi, en son teknoloji ve geli\u015fmeleri kullanmakta ve \u00e7e\u015fitli kurulu\u015flarla ortak Ar-Ge ve faaliyetlerde bulunarak savunma sanayi hizmetleri sunmaktad\u0131r.<\/p>\n<p style=\"text-align: justify;\">Hedefimiz savunma sanayinde y\u00fcksek kaliteli yenilik\u00e7i \u00fcr\u00fcnler yaratmakt\u0131r.\u00a0Bu kapsamda \u015firketimiz 2020 y\u0131l\u0131 \u00f6ncelikli yat\u0131r\u0131m planlamas\u0131 kapsam\u0131nda hafif m\u00fchimmat ve av fi\u015fe\u011fi \u00fcretim s\u00fcrecine ba\u015flam\u0131\u015ft\u0131r. Gelece\u011fe y\u00f6nelik yat\u0131r\u0131m ve Ar-Ge planlamas\u0131 kapsam\u0131nda farkl\u0131 \u00e7ap ve kalibrelerde \u00fcr\u00fcn tasarlama ve \u00fcretme \u00e7al\u0131\u015fmalar\u0131 devam etmektedir.<\/p>\n<p>[\/vc_column_text][\/vc_column][\/vc_row]<\/p>\n<\/section>","protected":false},"excerpt":{"rendered":"<p>[vc_row css_animation=&#8221;fadeInLeft&#8221; css=&#8221;.vc_custom_1686207806834{margin-top: -40px !important;background-position: 0 0 !important;background-repeat: no-repeat !important;}&#8221;][vc_column width=&#8221;1\/2&#8243;][vc_column_text][\/vc_column_text][\/vc_column][vc_column width=&#8221;1\/2&#8243;][vc_column_text] Alfa Savunma Sanayi 2014 y\u0131l\u0131nda kurulmu\u015ftur. Kuruldu\u011fu g\u00fcnden bu yana m\u00fchendislik disiplinlerindeki y\u00fcksek tecr\u00fcbesini kullanarak ulusal ve uluslararas\u0131 m\u00fchendislik projelerini ba\u015far\u0131yla tamamlam\u0131\u015ft\u0131r. Amac\u0131m\u0131z k\u0131sa s\u00fcrede ve optimize edilmi\u015f maliyetlerle y\u00fcksek kaliteli \u00fcretim sa\u011flamakt\u0131r. Firmam\u0131z kuruldu\u011fu g\u00fcnden bu yana profesyonelli\u011fi ve tecr\u00fcbesi ile hizmetlerine [&hellip;]<\/p>\n","protected":false},"author":1,"featured_media":0,"parent":0,"menu_order":0,"comment_status":"closed","ping_status":"closed","template":"","meta":{"footnotes":""},"class_list":["post-4265","page","type-page","status-publish","hentry"],"_links":{"self":[{"href":"https:\/\/alfasavunma.com\/index.php?rest_route=\/wp\/v2\/pages\/4265","targetHints":{"allow":["GET"]}}],"collection":[{"href":"https:\/\/alfasavunma.com\/index.php?rest_route=\/wp\/v2\/pages"}],"about":[{"href":"https:\/\/alfasavunma.com\/index.php?rest_route=\/wp\/v2\/types\/page"}],"author":[{"embeddable":true,"href":"https:\/\/alfasavunma.com\/index.php?rest_route=\/wp\/v2\/users\/1"}],"replies":[{"embeddable":true,"href":"https:\/\/alfasavunma.com\/index.php?rest_route=%2Fwp%2Fv2%2Fcomments&post=4265"}],"version-history":[{"count":31,"href":"https:\/\/alfasavunma.com\/index.php?rest_route=\/wp\/v2\/pages\/4265\/revisions"}],"predecessor-version":[{"id":5235,"href":"https:\/\/alfasavunma.com\/index.php?rest_route=\/wp\/v2\/pages\/4265\/revisions\/5235"}],"wp:attachment":[{"href":"https:\/\/alfasavunma.com\/index.php?rest_route=%2Fwp%2Fv2%2Fmedia&parent=4265"}],"curies":[{"name":"wp","href":"https:\/\/api.w.org\/{rel}","templated":true}]}}