{"id":25,"date":"2017-06-03T20:05:52","date_gmt":"2017-06-03T20:05:52","guid":{"rendered":"https:\/\/www.volkankilic.com.tr\/beta\/?page_id=25"},"modified":"2023-08-13T11:27:11","modified_gmt":"2023-08-13T11:27:11","slug":"contact","status":"publish","type":"page","link":"https:\/\/alfasavunma.com\/en\/?page_id=25","title":{"rendered":"Contact"},"content":{"rendered":"<section class=\"wpb-content-wrapper\"><p>[vc_section full_width=&#8221;stretch_row&#8221;][vc_row content_placement=&#8221;top&#8221; css=&#8221;.vc_custom_1686172663038{margin-top: -10px !important;}&#8221;][vc_column width=&#8221;1\/3&#8243; offset=&#8221;vc_col-lg-4 vc_col-md-6&#8243;]<div class=\"heading  header-inline color-black transform-header-up   vc_custom_1691925937038 heading-tag-h5 heading-icon\" id=\"like_sc_header_1758682606\"><img src=\"https:\/\/alfasavunma.com\/en\/wp-content\/uploads\/2023\/06\/menuicon.png\" class=\"heading-icon \" alt=\"HEAD OFFICE\"><div class=\"heading-content\"><h5 class=\"header\">HEAD OFFICE<\/h5><\/div><\/div>[vc_column_text css=&#8221;.vc_custom_1686733078796{margin-top: -10px !important;margin-bottom: -30px !important;}&#8221;]<\/p>\n<p style=\"text-align: left;\">Mustafa Kemal Mah. Dumlup\u0131nar Bulvar\u0131 ODT\u00dc Teknokent Bili\u015fim \u0130novasyon Merkezi No:280\/G\u00a0 \u00c7ankaya &#8211; Ankara<\/p>\n<p style=\"text-align: left;\"><i class=\"fa fa-phone\" aria-hidden=\"true\"><\/i>\u00a0 0312 815 21 23<br \/>\n<i class=\"fa fa-envelope\" aria-hidden=\"true\"><\/i>\u00a0 info@alfasavunma.com[\/vc_column_text][vc_empty_space height=&#8221;50px&#8221;][vc_separator color=&#8221;chino&#8221;]<div class=\"heading  header-inline color-black transform-header-up   vc_custom_1691925951764 heading-tag-h5 heading-icon\" id=\"like_sc_header_1797109262\"><img src=\"https:\/\/alfasavunma.com\/en\/wp-content\/uploads\/2023\/06\/menuicon.png\" class=\"heading-icon \" alt=\"FACTORY\"><div class=\"heading-content\"><h5 class=\"header\">FACTORY<\/h5><\/div><\/div>[vc_column_text css=&#8221;.vc_custom_1686733088646{margin-top: -10px !important;margin-bottom: 30px !important;}&#8221;]<\/p>\n<p style=\"text-align: left;\">Saray Mah. 3. Cad. No:68<br \/>\nKahramankazan-Ankara<\/p>\n<p style=\"text-align: left;\"><i class=\"fa fa-phone\" aria-hidden=\"true\"><\/i>\u00a0 0312 815 21 23<br \/>\n<i class=\"fa fa-envelope\" aria-hidden=\"true\"><\/i>\u00a0 info@alfasavunma.com[\/vc_column_text][vc_separator color=&#8221;chino&#8221;]<div class=\"heading  header-inline color-black transform-header-up   vc_custom_1691925971933 heading-tag-h5 heading-icon\" id=\"like_sc_header_2071066382\"><img src=\"https:\/\/alfasavunma.com\/en\/wp-content\/uploads\/2023\/06\/menuicon.png\" class=\"heading-icon \" alt=\"U.S OFFICE\"><div class=\"heading-content\"><h5 class=\"header\">U.S OFFICE<\/h5><\/div><\/div>[vc_column_text css=&#8221;.vc_custom_1686733679408{margin-top: -10px !important;}&#8221;]<\/p>\n<p style=\"text-align: left;\">Adres Burada<\/p>\n<p style=\"text-align: left;\"><i class=\"fa fa-phone\" aria-hidden=\"true\"><\/i>\u00a0 000000000000<br \/>\n<i class=\"fa fa-envelope\" aria-hidden=\"true\"><\/i>\u00a0 info@alfasavunma.com[\/vc_column_text][\/vc_column][vc_column width=&#8221;1\/3&#8243; css=&#8221;.vc_custom_1686172535283{margin-top: 0px !important;padding-top: 0px !important;background-position: center !important;background-repeat: no-repeat !important;background-size: cover !important;}&#8221; offset=&#8221;vc_col-lg-4 vc_col-md-6&#8243;]<div class=\"heading  header-inline color-black transform-header-up   vc_custom_1691925989727 heading-tag-h5 heading-icon\" id=\"like_sc_header_940999154\"><img src=\"https:\/\/alfasavunma.com\/en\/wp-content\/uploads\/2023\/06\/menuicon.png\" class=\"heading-icon \" alt=\"CONTACT \"><div class=\"heading-content\"><h5 class=\"header\">CONTACT <\/h5><\/div><\/div>[vc_column_text]<div class=\"everest-forms\"><div class=\"evf-container layout-two\" id=\"evf-5262\"><form id=\"evf-form-5262\" class=\"everest-form\" data-formid=\"5262\" data-ajax_submission=\"0\" data-keyboard_friendly_form=\"0\" method=\"post\" enctype=\"multipart\/form-data\" action=\"\/en\/index.php?rest_route=%2Fwp%2Fv2%2Fpages%2F25\"><div class=\"evf-field-container\"><input type=\"hidden\" id=\"_wpnonce5262\" name=\"_wpnonce5262\" value=\"e0f5b9427e\" \/><input type=\"hidden\" name=\"_wp_http_referer\" value=\"\/en\/index.php?rest_route=%2Fwp%2Fv2%2Fpages%2F25\" \/><div class=\"evf-frontend-row\" data-row=\"row_1\" conditional_rules=\"[]\"><div class=\"evf-frontend-grid evf-grid-1\" data-grid=\"grid_1\"><div id=\"evf-5262-field_ys0GeZISRs-1-container\" class=\"evf-field evf-field-first-name form-row validate-required\" data-required-field-message=\"Bu alan doldurulmas\u0131 gereklidir.\" data-field-id=\"ys0GeZISRs-1\"><label class=\"evf-field-label\" for=\"evf-5262-field_ys0GeZISRs-1\"><span class=\"evf-label\">Ad-Soyad<\/span> <abbr class=\"required\" title=\"Required\">*<\/abbr><\/label><input type=\"text\" id=\"evf-5262-field_ys0GeZISRs-1\" class=\"input-text\" name=\"everest_forms[form_fields][ys0GeZISRs-1]\" required><\/div><div id=\"evf-5262-field_LbH5NxasXM-2-container\" class=\"evf-field evf-field-email form-row validate-required validate-email\" data-required-field-message=\"Eposta Adresinizi Yaz\u0131n\u0131z\" data-field-id=\"LbH5NxasXM-2\"><label class=\"evf-field-label\" for=\"evf-5262-field_LbH5NxasXM-2\"><span class=\"evf-label\">Email<\/span> <abbr class=\"required\" title=\"Required\">*<\/abbr><\/label><input type=\"email\" id=\"evf-5262-field_LbH5NxasXM-2\" class=\"input-text\" name=\"everest_forms[form_fields][LbH5NxasXM-2]\" required ><\/div><div id=\"evf-5262-field_66FR384cge-3-container\" class=\"evf-field evf-field-text form-row\" data-field-id=\"66FR384cge-3\"><label class=\"evf-field-label\" for=\"evf-5262-field_66FR384cge-3\"><span class=\"evf-label\">Konu<\/span> <\/label><input type=\"text\" id=\"evf-5262-field_66FR384cge-3\" class=\"input-text\" name=\"everest_forms[form_fields][66FR384cge-3]\" ><\/div><div id=\"evf-5262-field_yhGx3FOwr2-4-container\" class=\"evf-field evf-field-textarea form-row validate-required\" data-required-field-message=\"Bu alan doldurulmas\u0131 gereklidir.\" data-field-id=\"yhGx3FOwr2-4\"><label class=\"evf-field-label\" for=\"evf-5262-field_yhGx3FOwr2-4\"><span class=\"evf-label\">Mesaj\u0131n\u0131z<\/span> <abbr class=\"required\" title=\"Required\">*<\/abbr><\/label><textarea id=\"evf-5262-field_yhGx3FOwr2-4\" class=\"input-text\" name=\"everest_forms[form_fields][yhGx3FOwr2-4]\" required ><\/textarea><\/div><\/div><\/div><\/div><div class=\"evf-honeypot-container evf-field-hp\"><label for=\"evf-5262-field-hp\" class=\"evf-field-label\">Message<\/label><input type=\"text\" name=\"everest_forms[hp]\" id=\"evf-5262-field-hp\" class=\"input-text\"><\/div><div class=\"evf-submit-container \" ><input type=\"hidden\" name=\"everest_forms[id]\" value=\"5262\"><input type=\"hidden\" name=\"everest_forms[author]\" value=\"1\"><button type='submit' name='everest_forms[submit]' class='everest-forms-submit-button button evf-submit ' id='evf-submit-5262' value='evf-submit' data-process-text=\"Bekleyiniz...\" conditional_rules='&quot;&quot;' conditional_id='evf-submit-5262'  id=\"evf-submit-5262\" aria-live=\"assertive\">G\u00f6nder<\/button><\/div><\/form><\/div><!-- .evf-container --><\/div>[\/vc_column_text][vc_empty_space height=&#8221;&#8221;][\/vc_column][vc_column width=&#8221;1\/3&#8243;]<div class=\"heading  header-inline color-black transform-header-up   vc_custom_1691926026845 heading-tag-h5 heading-icon\" id=\"like_sc_header_710325666\"><img src=\"https:\/\/alfasavunma.com\/en\/wp-content\/uploads\/2023\/06\/menuicon.png\" class=\"heading-icon \" alt=\"LOCATION\"><div class=\"heading-content\"><h5 class=\"header\">LOCATION<\/h5><\/div><\/div>[vc_raw_html]JTNDaWZyYW1lJTIwc3JjJTNEJTIyaHR0cHMlM0ElMkYlMkZ3d3cuZ29vZ2xlLmNvbSUyRm1hcHMlMkZlbWJlZCUzRnBiJTNEJTIxMW0xNCUyMTFtOCUyMTFtMyUyMTFkMTUzMC4yMzc3MjY2MTE4OTk3JTIxMmQzMi43NTA0ODglMjEzZDM5LjkwODM3NSUyMTNtMiUyMTFpMTAyNCUyMTJpNzY4JTIxNGYxMy4xJTIxM20zJTIxMW0yJTIxMXMweDE0ZDM0NzBmZjRhMmE0OTUlMjUzQTB4NmU0OTgyNGY2MGM4YTE5NSUyMTJzT0RUJTI1QzMlMjU5QyUyNTIwVGVrbm9rZW50JTI1MjBCaWxpJTI1QzUlMjU5RmltJTI1MjAlMjVDNCUyNUIwbm92YXN5b24lMjUyME1lcmtlemklMjE1ZTAlMjEzbTIlMjExc3RyJTIxMnN1cyUyMTR2MTY4NjE3Mjg3MTYyNyUyMTVtMiUyMTFzdHIlMjEyc3VzJTIyJTIwd2lkdGglM0QlMjIxMDAlMjUlMjIlMjBoZWlnaHQlM0QlMjI0ODAlMjIlMjBzdHlsZSUzRCUyMmJvcmRlciUzQTAlM0IlMjIlMjBhbGxvd2Z1bGxzY3JlZW4lM0QlMjIlMjIlMjBsb2FkaW5nJTNEJTIybGF6eSUyMiUyMHJlZmVycmVycG9saWN5JTNEJTIybm8tcmVmZXJyZXItd2hlbi1kb3duZ3JhNWRlJTIyJTNFJTNDJTJGaWZyYW1lJTNF[\/vc_raw_html][\/vc_column][\/vc_row][\/vc_section]<\/p>\n<\/section>","protected":false},"excerpt":{"rendered":"<p>[vc_section full_width=&#8221;stretch_row&#8221;][vc_row content_placement=&#8221;top&#8221; css=&#8221;.vc_custom_1686172663038{margin-top: -10px !important;}&#8221;][vc_column width=&#8221;1\/3&#8243; offset=&#8221;vc_col-lg-4 vc_col-md-6&#8243;][vc_column_text css=&#8221;.vc_custom_1686733078796{margin-top: -10px !important;margin-bottom: -30px !important;}&#8221;] Mustafa Kemal Mah. Dumlup\u0131nar Bulvar\u0131 ODT\u00dc Teknokent Bili\u015fim \u0130novasyon Merkezi No:280\/G\u00a0 \u00c7ankaya &#8211; Ankara \u00a0 0312 815 21 23 \u00a0 info@alfasavunma.com[\/vc_column_text][vc_empty_space height=&#8221;50px&#8221;][vc_separator color=&#8221;chino&#8221;][vc_column_text css=&#8221;.vc_custom_1686733088646{margin-top: -10px !important;margin-bottom: 30px !important;}&#8221;] Saray Mah. 3. Cad. No:68 Kahramankazan-Ankara \u00a0 0312 815 21 23 \u00a0 info@alfasavunma.com[\/vc_column_text][vc_separator [&hellip;]<\/p>\n","protected":false},"author":1,"featured_media":0,"parent":0,"menu_order":0,"comment_status":"closed","ping_status":"closed","template":"","meta":[],"_links":{"self":[{"href":"https:\/\/alfasavunma.com\/en\/index.php?rest_route=\/wp\/v2\/pages\/25"}],"collection":[{"href":"https:\/\/alfasavunma.com\/en\/index.php?rest_route=\/wp\/v2\/pages"}],"about":[{"href":"https:\/\/alfasavunma.com\/en\/index.php?rest_route=\/wp\/v2\/types\/page"}],"author":[{"embeddable":true,"href":"https:\/\/alfasavunma.com\/en\/index.php?rest_route=\/wp\/v2\/users\/1"}],"replies":[{"embeddable":true,"href":"https:\/\/alfasavunma.com\/en\/index.php?rest_route=%2Fwp%2Fv2%2Fcomments&post=25"}],"version-history":[{"count":86,"href":"https:\/\/alfasavunma.com\/en\/index.php?rest_route=\/wp\/v2\/pages\/25\/revisions"}],"predecessor-version":[{"id":5312,"href":"https:\/\/alfasavunma.com\/en\/index.php?rest_route=\/wp\/v2\/pages\/25\/revisions\/5312"}],"wp:attachment":[{"href":"https:\/\/alfasavunma.com\/en\/index.php?rest_route=%2Fwp%2Fv2%2Fmedia&parent=25"}],"curies":[{"name":"wp","href":"https:\/\/api.w.org\/{rel}","templated":true}]}}